{"id":41,"date":"2025-11-08T21:39:56","date_gmt":"2025-11-08T21:39:56","guid":{"rendered":"https:\/\/perceptionequine.fr\/?page_id=41"},"modified":"2025-11-17T12:02:37","modified_gmt":"2025-11-17T11:02:37","slug":"mes-services","status":"publish","type":"page","link":"https:\/\/perceptionequine.fr\/index.php\/mes-services\/","title":{"rendered":"MES ACCOMPAGNEMENTS"},"content":{"rendered":"\t\t<div data-elementor-type=\"wp-page\" data-elementor-id=\"41\" class=\"elementor elementor-41\">\n\t\t\t\t<div class=\"elementor-element elementor-element-1fd5ee0d e-flex e-con-boxed e-con e-parent\" data-id=\"1fd5ee0d\" data-element_type=\"container\" data-e-type=\"container\">\n\t\t\t\t\t<div class=\"e-con-inner\">\n\t\t\t\t<div class=\"elementor-element elementor-element-7aba3015 elementor-widget elementor-widget-text-editor\" data-id=\"7aba3015\" data-element_type=\"widget\" data-e-type=\"widget\" data-widget_type=\"text-editor.default\">\n\t\t\t\t\t\t\t\t\t<p>Je me d\u00e9place dans un secteur g\u00e9ographique de 40 kms (aller) autour de Still (67).<\/p>\n<p><em><strong>Frais kilom\u00e9triques 2025 : 40 kms aller-retour offerts puis 0,50 cents \/ km<\/strong><\/em><\/p>\n<div class=\"wp-block-buttons\">\n<p><!-- \/wp:button --><\/p>\n<\/div>\n<p><!-- \/wp:buttons --><\/p>\t\t\t\t\t\t\t\t<\/div>\n\t\t\t\t<div class=\"elementor-element elementor-element-bb47aea elementor-widget elementor-widget-heading\" data-id=\"bb47aea\" data-element_type=\"widget\" data-e-type=\"widget\" data-widget_type=\"heading.default\">\n\t\t\t\t\t<h2 class=\"elementor-heading-title elementor-size-default\">R\u00e9solution d'un comportement non d\u00e9sir\u00e9<\/h2>\t\t\t\t<\/div>\n\t\t\t\t<div class=\"elementor-element elementor-element-6d0b0ec elementor-widget elementor-widget-text-editor\" data-id=\"6d0b0ec\" data-element_type=\"widget\" data-e-type=\"widget\" data-widget_type=\"text-editor.default\">\n\t\t\t\t\t\t\t\t\t<p>Vous rencontrez une difficult\u00e9 avec le comportement de votre cheval et vous ne savez pas quoi faire pour am\u00e9liorer la situation ? Je propose trois forfaits d&rsquo;accompagnement.\u00a0<\/p>\n<p>Exemples de probl\u00e8matiques :\u00a0<em>Ne se laisse pas approcher \/ attraper, \u00e9vite des objets \/ des lieux \/ des personnes, s&rsquo;enfuit au galop, mord (objets \/ humains \/ autres chevaux), rue, se cabre, manque d&rsquo;allant, se renferme en lui-m\u00eame, bouscule, tire au renard, tracte, ne se s\u00e9pare pas des autres chevaux, hennit fr\u00e9quemment, s&rsquo;agite, tics (\u00e0 l&rsquo;air, \u00e0 l&rsquo;appui, \u00e0 l&rsquo;ours&#8230;)&#8230;<\/em><\/p>\n<div class=\"wp-block-buttons\">\n<p><!-- \/wp:button --><\/p>\n<\/div>\n<p><!-- \/wp:buttons --><\/p>\t\t\t\t\t\t\t\t<\/div>\n\t\t\t\t<div class=\"elementor-element elementor-element-20f731f elementor-widget elementor-widget-heading\" data-id=\"20f731f\" data-element_type=\"widget\" data-e-type=\"widget\" data-widget_type=\"heading.default\">\n\t\t\t\t\t<h4 class=\"elementor-heading-title elementor-size-default\">Accompagnement sur 1 mois<\/h4>\t\t\t\t<\/div>\n\t\t\t\t<div class=\"elementor-element elementor-element-7eef9b1 elementor-widget elementor-widget-text-editor\" data-id=\"7eef9b1\" data-element_type=\"widget\" data-e-type=\"widget\" data-widget_type=\"text-editor.default\">\n\t\t\t\t\t\t\t\t\t<p>Inclus :<\/p>\n<ul>\n<li><b>Une premi\u00e8re s\u00e9ance<\/b> en pr\u00e9sentiel destin\u00e9 \u00e0 r\u00e9aliser le <b>bilan comportemental<\/b>\u00a0<\/li>\n<li><b>Une s\u00e9ance de suivi <\/b>en pr\u00e9sentiel dans le mois qui suit le bilan\u00a0<\/li>\n<li>Un <b>suivi sur Whatsapp d&rsquo;un mois<\/b>, \u00e0 compter du bilan, pour faire le point sur l&rsquo;\u00e9volution, les essais et les propositions de r\u00e9ajustement<\/li>\n<\/ul>\n<p>Dur\u00e9e : ~1h30 (bilan), 1h (s\u00e9ance de suivi)\u00a0<\/p>\n<p>Tarif : <b>130\u20ac hors frais kms*<\/b><\/p>\t\t\t\t\t\t\t\t<\/div>\n\t\t\t\t<div class=\"elementor-element elementor-element-4000022 elementor-widget elementor-widget-heading\" data-id=\"4000022\" data-element_type=\"widget\" data-e-type=\"widget\" data-widget_type=\"heading.default\">\n\t\t\t\t\t<h4 class=\"elementor-heading-title elementor-size-default\">Accompagnement sur 2 mois<\/h4>\t\t\t\t<\/div>\n\t\t\t\t<div class=\"elementor-element elementor-element-9ff7e93 elementor-widget elementor-widget-text-editor\" data-id=\"9ff7e93\" data-element_type=\"widget\" data-e-type=\"widget\" data-widget_type=\"text-editor.default\">\n\t\t\t\t\t\t\t\t\t<p>Inclus :<\/p>\n<ul>\n<li><b>Une premi\u00e8re s\u00e9ance<\/b> en pr\u00e9sentiel destin\u00e9 \u00e0 r\u00e9aliser le <b>bilan comportemental\u00a0<\/b><\/li>\n<li><b>Trois s\u00e9ances de suivi<\/b> en pr\u00e9sentiel dans les deux mois qui suivent le bilan\u00a0<\/li>\n<li>Un <b>suivi sur Whatsapp de deux mois<\/b>, \u00e0 compter du bilan, pour faire le point sur l&rsquo;\u00e9volution, les essais et les propositions de r\u00e9ajustement<\/li>\n<\/ul>\n<p>Dur\u00e9e : ~1h30 (bilan), 1h (s\u00e9ances de suivi)\u00a0<\/p>\n<p>Tarif : <b>210\u20ac hors frais kms*<\/b><\/p>\t\t\t\t\t\t\t\t<\/div>\n\t\t\t\t<div class=\"elementor-element elementor-element-f884b6d elementor-widget elementor-widget-heading\" data-id=\"f884b6d\" data-element_type=\"widget\" data-e-type=\"widget\" data-widget_type=\"heading.default\">\n\t\t\t\t\t<h4 class=\"elementor-heading-title elementor-size-default\">Accompagnement sur 3 mois<\/h4>\t\t\t\t<\/div>\n\t\t\t\t<div class=\"elementor-element elementor-element-9a1ae80 elementor-widget elementor-widget-text-editor\" data-id=\"9a1ae80\" data-element_type=\"widget\" data-e-type=\"widget\" data-widget_type=\"text-editor.default\">\n\t\t\t\t\t\t\t\t\t<p>Inclus :<\/p>\n<ul>\n<li><b>Une premi\u00e8re s\u00e9ance<\/b> en pr\u00e9sentiel destin\u00e9 \u00e0 r\u00e9aliser le <b>bilan comportemental\u00a0<\/b><\/li>\n<li><b>Cinq s\u00e9ances de suivi<\/b> en pr\u00e9sentiel dans les trois mois qui suivent le bilan\u00a0<\/li>\n<li>Un <b>suivi sur Whatsapp de trois mois<\/b>, \u00e0 compter du bilan, pour faire le point sur l&rsquo;\u00e9volution, les essais et les propositions de r\u00e9ajustement<\/li>\n<\/ul>\n<p>Dur\u00e9e : ~1h30 (bilan), 1h (s\u00e9ances de suivi)\u00a0<\/p>\n<p>Tarif : <b>290\u20ac hors frais kms*<\/b><\/p>\t\t\t\t\t\t\t\t<\/div>\n\t\t\t\t<div class=\"elementor-element elementor-element-47a857a elementor-widget elementor-widget-text-editor\" data-id=\"47a857a\" data-element_type=\"widget\" data-e-type=\"widget\" data-widget_type=\"text-editor.default\">\n\t\t\t\t\t\t\t\t\t<p><strong>Tarif pour une s\u00e9ance de suivi, hors forfait et hors frais kms* : 50\u20ac<\/strong><\/p>\t\t\t\t\t\t\t\t<\/div>\n\t\t\t\t<div class=\"elementor-element elementor-element-07c60b3 elementor-widget elementor-widget-heading\" data-id=\"07c60b3\" data-element_type=\"widget\" data-e-type=\"widget\" data-widget_type=\"heading.default\">\n\t\t\t\t\t<h2 class=\"elementor-heading-title elementor-size-default\">D\u00e9couvrir le travail en renforcement positif <\/h2>\t\t\t\t<\/div>\n\t\t\t\t<div class=\"elementor-element elementor-element-fac79b9 elementor-widget elementor-widget-text-editor\" data-id=\"fac79b9\" data-element_type=\"widget\" data-e-type=\"widget\" data-widget_type=\"text-editor.default\">\n\t\t\t\t\t\t\t\t\t<p>Le travail en renforcement positif vous int\u00e9resse mais vous ne savez pas par o\u00f9 commencer ? La s\u00e9ance d\u00e9couverte du travail en renforcement positif est pour vous !<\/p>\n<p><!-- \/wp:paragraph --><!-- wp:paragraph --><\/p>\n<p>Comprend :<\/p>\n<ul>\n<li>Un support th\u00e9orique en ligne<\/li>\n<li>Une s\u00e9ance en pr\u00e9sentiel<\/li>\n<\/ul>\n<p>Dur\u00e9e : 1h<\/p>\n<p>Tarif s\u00e9ance d\u00e9couverte hors frais kms* : <b>65\u20ac la premi\u00e8re s\u00e9ance<\/b><\/p>\n<p>Tarif s\u00e9ances de suivi hors frais kms* (recommand\u00e9) : <b>40\u20ac les s\u00e9ances de suivi<\/b><\/p>\t\t\t\t\t\t\t\t<\/div>\n\t\t\t\t<div class=\"elementor-element elementor-element-c206fa0 elementor-widget elementor-widget-heading\" data-id=\"c206fa0\" data-element_type=\"widget\" data-e-type=\"widget\" data-widget_type=\"heading.default\">\n\t\t\t\t\t<h2 class=\"elementor-heading-title elementor-size-default\">D\u00e9couvrir le m\u00e9dical training ou les soins coop\u00e9ratifs (au choix)<\/h2>\t\t\t\t<\/div>\n\t\t\t\t<div class=\"elementor-element elementor-element-5e35e96 elementor-widget elementor-widget-text-editor\" data-id=\"5e35e96\" data-element_type=\"widget\" data-e-type=\"widget\" data-widget_type=\"text-editor.default\">\n\t\t\t\t\t\t\t\t\t<p>Votre cheval vous pose probl\u00e8me pour r\u00e9aliser certains soins ? D\u00e9couvrez les bases du m\u00e9dical training et des soins coop\u00e9ratifs sur le soin de votre choix. <em>A noter\u00a0: il s&rsquo;agit d&rsquo;un entra\u00eenement aux soins et non de la r\u00e9alisation d&rsquo;un soin dans l&rsquo;urgence.<\/em><\/p>\n<p><!-- \/wp:paragraph --><!-- wp:paragraph --><\/p>\n<p>Comprend :<\/p>\n<ul>\n<li>Un support th\u00e9orique en ligne<\/li>\n<li>Une s\u00e9ance en pr\u00e9sentiel<\/li>\n<\/ul>\n<p>Dur\u00e9e : 1h<\/p>\n<p>Tarif s\u00e9ance d\u00e9couverte hors frais kms* : <b>65\u20ac la premi\u00e8re s\u00e9ance<\/b><\/p>\n<p>Tarif s\u00e9ances de suivi hors frais kms* (recommand\u00e9) : <b>40\u20ac les s\u00e9ances de suivi<\/b><\/p>\t\t\t\t\t\t\t\t<\/div>\n\t\t\t\t\t<\/div>\n\t\t\t\t<\/div>\n\t\t<div class=\"elementor-element elementor-element-b166ce0 e-flex e-con-boxed e-con e-parent\" data-id=\"b166ce0\" data-element_type=\"container\" data-e-type=\"container\">\n\t\t\t\t\t<div class=\"e-con-inner\">\n\t\t\t\t<div class=\"elementor-element elementor-element-f760847 elementor-align-center elementor-widget elementor-widget-button\" data-id=\"f760847\" data-element_type=\"widget\" data-e-type=\"widget\" data-widget_type=\"button.default\">\n\t\t\t\t\t\t\t\t\t\t<a class=\"elementor-button elementor-button-link elementor-size-sm\" href=\"https:\/\/perceptionequine.fr\/index.php\/contact\/\">\n\t\t\t\t\t\t<span class=\"elementor-button-content-wrapper\">\n\t\t\t\t\t\t<span class=\"elementor-button-icon\">\n\t\t\t\t<svg aria-hidden=\"true\" class=\"e-font-icon-svg e-far-address-card\" viewBox=\"0 0 576 512\" xmlns=\"http:\/\/www.w3.org\/2000\/svg\"><path d=\"M528 32H48C21.5 32 0 53.5 0 80v352c0 26.5 21.5 48 48 48h480c26.5 0 48-21.5 48-48V80c0-26.5-21.5-48-48-48zm0 400H48V80h480v352zM208 256c35.3 0 64-28.7 64-64s-28.7-64-64-64-64 28.7-64 64 28.7 64 64 64zm-89.6 128h179.2c12.4 0 22.4-8.6 22.4-19.2v-19.2c0-31.8-30.1-57.6-67.2-57.6-10.8 0-18.7 8-44.8 8-26.9 0-33.4-8-44.8-8-37.1 0-67.2 25.8-67.2 57.6v19.2c0 10.6 10 19.2 22.4 19.2zM360 320h112c4.4 0 8-3.6 8-8v-16c0-4.4-3.6-8-8-8H360c-4.4 0-8 3.6-8 8v16c0 4.4 3.6 8 8 8zm0-64h112c4.4 0 8-3.6 8-8v-16c0-4.4-3.6-8-8-8H360c-4.4 0-8 3.6-8 8v16c0 4.4 3.6 8 8 8zm0-64h112c4.4 0 8-3.6 8-8v-16c0-4.4-3.6-8-8-8H360c-4.4 0-8 3.6-8 8v16c0 4.4 3.6 8 8 8z\"><\/path><\/svg>\t\t\t<\/span>\n\t\t\t\t\t\t\t\t\t<span class=\"elementor-button-text\">Cliquez ici pour me contacter<\/span>\n\t\t\t\t\t<\/span>\n\t\t\t\t\t<\/a>\n\t\t\t\t\t\t\t\t<\/div>\n\t\t\t\t\t<\/div>\n\t\t\t\t<\/div>\n\t\t\t\t<\/div>\n\t\t","protected":false},"excerpt":{"rendered":"<p>Je me d\u00e9place dans un secteur g\u00e9ographique de 40 kms (aller) autour de Still (67). Frais kilom\u00e9triques 2025 : 40 [&hellip;]<\/p>\n","protected":false},"author":1,"featured_media":0,"parent":0,"menu_order":0,"comment_status":"closed","ping_status":"closed","template":"","meta":{"site-sidebar-layout":"default","site-content-layout":"","ast-site-content-layout":"default","site-content-style":"default","site-sidebar-style":"default","ast-global-header-display":"","ast-banner-title-visibility":"","ast-main-header-display":"","ast-hfb-above-header-display":"","ast-hfb-below-header-display":"","ast-hfb-mobile-header-display":"","site-post-title":"","ast-breadcrumbs-content":"","ast-featured-img":"","footer-sml-layout":"","theme-transparent-header-meta":"","adv-header-id-meta":"","stick-header-meta":"","header-above-stick-meta":"","header-main-stick-meta":"","header-below-stick-meta":"","astra-migrate-meta-layouts":"default","ast-page-background-enabled":"default","ast-page-background-meta":{"desktop":{"background-color":"var(--ast-global-color-5)","background-image":"","background-repeat":"repeat","background-position":"center center","background-size":"auto","background-attachment":"scroll","background-type":"","background-media":"","overlay-type":"","overlay-color":"","overlay-opacity":"","overlay-gradient":""},"tablet":{"background-color":"","background-image":"","background-repeat":"repeat","background-position":"center center","background-size":"auto","background-attachment":"scroll","background-type":"","background-media":"","overlay-type":"","overlay-color":"","overlay-opacity":"","overlay-gradient":""},"mobile":{"background-color":"","background-image":"","background-repeat":"repeat","background-position":"center center","background-size":"auto","background-attachment":"scroll","background-type":"","background-media":"","overlay-type":"","overlay-color":"","overlay-opacity":"","overlay-gradient":""}},"ast-content-background-meta":{"desktop":{"background-color":"var(--ast-global-color-4)","background-image":"","background-repeat":"repeat","background-position":"center center","background-size":"auto","background-attachment":"scroll","background-type":"","background-media":"","overlay-type":"","overlay-color":"","overlay-opacity":"","overlay-gradient":""},"tablet":{"background-color":"var(--ast-global-color-4)","background-image":"","background-repeat":"repeat","background-position":"center center","background-size":"auto","background-attachment":"scroll","background-type":"","background-media":"","overlay-type":"","overlay-color":"","overlay-opacity":"","overlay-gradient":""},"mobile":{"background-color":"var(--ast-global-color-4)","background-image":"","background-repeat":"repeat","background-position":"center center","background-size":"auto","background-attachment":"scroll","background-type":"","background-media":"","overlay-type":"","overlay-color":"","overlay-opacity":"","overlay-gradient":""}},"footnotes":""},"class_list":["post-41","page","type-page","status-publish","hentry"],"yoast_head":"<!-- This site is optimized with the Yoast SEO plugin v26.3 - https:\/\/yoast.com\/wordpress\/plugins\/seo\/ -->\n<title>MES ACCOMPAGNEMENTS - Perception \u00e9quine<\/title>\n<meta name=\"robots\" content=\"index, follow, max-snippet:-1, max-image-preview:large, max-video-preview:-1\" \/>\n<link rel=\"canonical\" href=\"https:\/\/perceptionequine.fr\/index.php\/mes-services\/\" \/>\n<meta property=\"og:locale\" content=\"fr_FR\" \/>\n<meta property=\"og:type\" content=\"article\" \/>\n<meta property=\"og:title\" content=\"MES ACCOMPAGNEMENTS - Perception \u00e9quine\" \/>\n<meta property=\"og:description\" content=\"Je me d\u00e9place dans un secteur g\u00e9ographique de 40 kms (aller) autour de Still (67). Frais kilom\u00e9triques 2025 : 40 [&hellip;]\" \/>\n<meta property=\"og:url\" content=\"https:\/\/perceptionequine.fr\/index.php\/mes-services\/\" \/>\n<meta property=\"og:site_name\" content=\"Perception \u00e9quine\" \/>\n<meta property=\"article:publisher\" content=\"https:\/\/www.facebook.com\/laura.perceptionequine\" \/>\n<meta property=\"article:modified_time\" content=\"2025-11-17T11:02:37+00:00\" \/>\n<meta name=\"twitter:card\" content=\"summary_large_image\" \/>\n<meta name=\"twitter:label1\" content=\"Dur\u00e9e de lecture estim\u00e9e\" \/>\n\t<meta name=\"twitter:data1\" content=\"3 minutes\" \/>\n<script type=\"application\/ld+json\" class=\"yoast-schema-graph\">{\"@context\":\"https:\/\/schema.org\",\"@graph\":[{\"@type\":\"WebPage\",\"@id\":\"https:\/\/perceptionequine.fr\/index.php\/mes-services\/\",\"url\":\"https:\/\/perceptionequine.fr\/index.php\/mes-services\/\",\"name\":\"MES ACCOMPAGNEMENTS - Perception \u00e9quine\",\"isPartOf\":{\"@id\":\"https:\/\/perceptionequine.fr\/#website\"},\"datePublished\":\"2025-11-08T21:39:56+00:00\",\"dateModified\":\"2025-11-17T11:02:37+00:00\",\"breadcrumb\":{\"@id\":\"https:\/\/perceptionequine.fr\/index.php\/mes-services\/#breadcrumb\"},\"inLanguage\":\"fr-FR\",\"potentialAction\":[{\"@type\":\"ReadAction\",\"target\":[\"https:\/\/perceptionequine.fr\/index.php\/mes-services\/\"]}]},{\"@type\":\"BreadcrumbList\",\"@id\":\"https:\/\/perceptionequine.fr\/index.php\/mes-services\/#breadcrumb\",\"itemListElement\":[{\"@type\":\"ListItem\",\"position\":1,\"name\":\"Home\",\"item\":\"https:\/\/perceptionequine.fr\/\"},{\"@type\":\"ListItem\",\"position\":2,\"name\":\"MES ACCOMPAGNEMENTS\"}]},{\"@type\":\"WebSite\",\"@id\":\"https:\/\/perceptionequine.fr\/#website\",\"url\":\"https:\/\/perceptionequine.fr\/\",\"name\":\"Perception \u00e9quine\",\"description\":\"Laura, comportementaliste \u00e9quin\",\"publisher\":{\"@id\":\"https:\/\/perceptionequine.fr\/#organization\"},\"potentialAction\":[{\"@type\":\"SearchAction\",\"target\":{\"@type\":\"EntryPoint\",\"urlTemplate\":\"https:\/\/perceptionequine.fr\/?s={search_term_string}\"},\"query-input\":{\"@type\":\"PropertyValueSpecification\",\"valueRequired\":true,\"valueName\":\"search_term_string\"}}],\"inLanguage\":\"fr-FR\"},{\"@type\":\"Organization\",\"@id\":\"https:\/\/perceptionequine.fr\/#organization\",\"name\":\"Perception \u00e9quine\",\"url\":\"https:\/\/perceptionequine.fr\/\",\"logo\":{\"@type\":\"ImageObject\",\"inLanguage\":\"fr-FR\",\"@id\":\"https:\/\/perceptionequine.fr\/#\/schema\/logo\/image\/\",\"url\":\"https:\/\/perceptionequine.fr\/wp-content\/uploads\/2025\/11\/LOGO-FOND-TRANSPARENT-V2.png\",\"contentUrl\":\"https:\/\/perceptionequine.fr\/wp-content\/uploads\/2025\/11\/LOGO-FOND-TRANSPARENT-V2.png\",\"width\":704,\"height\":597,\"caption\":\"Perception \u00e9quine\"},\"image\":{\"@id\":\"https:\/\/perceptionequine.fr\/#\/schema\/logo\/image\/\"},\"sameAs\":[\"https:\/\/www.facebook.com\/laura.perceptionequine\",\"https:\/\/www.instagram.com\/perceptionequine\/\"]}]}<\/script>\n<!-- \/ Yoast SEO plugin. -->","yoast_head_json":{"title":"MES ACCOMPAGNEMENTS - Perception \u00e9quine","robots":{"index":"index","follow":"follow","max-snippet":"max-snippet:-1","max-image-preview":"max-image-preview:large","max-video-preview":"max-video-preview:-1"},"canonical":"https:\/\/perceptionequine.fr\/index.php\/mes-services\/","og_locale":"fr_FR","og_type":"article","og_title":"MES ACCOMPAGNEMENTS - Perception \u00e9quine","og_description":"Je me d\u00e9place dans un secteur g\u00e9ographique de 40 kms (aller) autour de Still (67). Frais kilom\u00e9triques 2025 : 40 [&hellip;]","og_url":"https:\/\/perceptionequine.fr\/index.php\/mes-services\/","og_site_name":"Perception \u00e9quine","article_publisher":"https:\/\/www.facebook.com\/laura.perceptionequine","article_modified_time":"2025-11-17T11:02:37+00:00","twitter_card":"summary_large_image","twitter_misc":{"Dur\u00e9e de lecture estim\u00e9e":"3 minutes"},"schema":{"@context":"https:\/\/schema.org","@graph":[{"@type":"WebPage","@id":"https:\/\/perceptionequine.fr\/index.php\/mes-services\/","url":"https:\/\/perceptionequine.fr\/index.php\/mes-services\/","name":"MES ACCOMPAGNEMENTS - Perception \u00e9quine","isPartOf":{"@id":"https:\/\/perceptionequine.fr\/#website"},"datePublished":"2025-11-08T21:39:56+00:00","dateModified":"2025-11-17T11:02:37+00:00","breadcrumb":{"@id":"https:\/\/perceptionequine.fr\/index.php\/mes-services\/#breadcrumb"},"inLanguage":"fr-FR","potentialAction":[{"@type":"ReadAction","target":["https:\/\/perceptionequine.fr\/index.php\/mes-services\/"]}]},{"@type":"BreadcrumbList","@id":"https:\/\/perceptionequine.fr\/index.php\/mes-services\/#breadcrumb","itemListElement":[{"@type":"ListItem","position":1,"name":"Home","item":"https:\/\/perceptionequine.fr\/"},{"@type":"ListItem","position":2,"name":"MES ACCOMPAGNEMENTS"}]},{"@type":"WebSite","@id":"https:\/\/perceptionequine.fr\/#website","url":"https:\/\/perceptionequine.fr\/","name":"Perception \u00e9quine","description":"Laura, comportementaliste \u00e9quin","publisher":{"@id":"https:\/\/perceptionequine.fr\/#organization"},"potentialAction":[{"@type":"SearchAction","target":{"@type":"EntryPoint","urlTemplate":"https:\/\/perceptionequine.fr\/?s={search_term_string}"},"query-input":{"@type":"PropertyValueSpecification","valueRequired":true,"valueName":"search_term_string"}}],"inLanguage":"fr-FR"},{"@type":"Organization","@id":"https:\/\/perceptionequine.fr\/#organization","name":"Perception \u00e9quine","url":"https:\/\/perceptionequine.fr\/","logo":{"@type":"ImageObject","inLanguage":"fr-FR","@id":"https:\/\/perceptionequine.fr\/#\/schema\/logo\/image\/","url":"https:\/\/perceptionequine.fr\/wp-content\/uploads\/2025\/11\/LOGO-FOND-TRANSPARENT-V2.png","contentUrl":"https:\/\/perceptionequine.fr\/wp-content\/uploads\/2025\/11\/LOGO-FOND-TRANSPARENT-V2.png","width":704,"height":597,"caption":"Perception \u00e9quine"},"image":{"@id":"https:\/\/perceptionequine.fr\/#\/schema\/logo\/image\/"},"sameAs":["https:\/\/www.facebook.com\/laura.perceptionequine","https:\/\/www.instagram.com\/perceptionequine\/"]}]}},"_links":{"self":[{"href":"https:\/\/perceptionequine.fr\/index.php\/wp-json\/wp\/v2\/pages\/41","targetHints":{"allow":["GET"]}}],"collection":[{"href":"https:\/\/perceptionequine.fr\/index.php\/wp-json\/wp\/v2\/pages"}],"about":[{"href":"https:\/\/perceptionequine.fr\/index.php\/wp-json\/wp\/v2\/types\/page"}],"author":[{"embeddable":true,"href":"https:\/\/perceptionequine.fr\/index.php\/wp-json\/wp\/v2\/users\/1"}],"replies":[{"embeddable":true,"href":"https:\/\/perceptionequine.fr\/index.php\/wp-json\/wp\/v2\/comments?post=41"}],"version-history":[{"count":17,"href":"https:\/\/perceptionequine.fr\/index.php\/wp-json\/wp\/v2\/pages\/41\/revisions"}],"predecessor-version":[{"id":139,"href":"https:\/\/perceptionequine.fr\/index.php\/wp-json\/wp\/v2\/pages\/41\/revisions\/139"}],"wp:attachment":[{"href":"https:\/\/perceptionequine.fr\/index.php\/wp-json\/wp\/v2\/media?parent=41"}],"curies":[{"name":"wp","href":"https:\/\/api.w.org\/{rel}","templated":true}]}}